{"id":586,"date":"2024-05-04T03:52:36","date_gmt":"2024-05-04T03:52:36","guid":{"rendered":"https:\/\/mieltitlan.com\/?page_id=586"},"modified":"2024-05-04T14:52:18","modified_gmt":"2024-05-04T14:52:18","slug":"la-vainilla-una-joya-de-mexico-para-el-mundo","status":"publish","type":"page","link":"https:\/\/mieltitlan.com\/index.php\/la-vainilla-una-joya-de-mexico-para-el-mundo\/","title":{"rendered":"La Vainilla: una joya de M\u00e9xico para el Mundo"},"content":{"rendered":"\n<h2 class=\"wp-block-heading\">La orqu\u00eddea de vainilla: un tesoro en la sierra hidalguense<\/h2>\n\n\n\n<p>La vainilla, una orqu\u00eddea originaria de Papantla, Veracruz, ha conquistado los paladares de todo el mundo. Sin embargo, es en el coraz\u00f3n de la Sierra Hidalguense donde ha encontrado el apapacho necesario para florecer en todo su esplendor.<\/p>\n\n\n\n<figure class=\"wp-block-image size-large is-resized\"><img loading=\"lazy\" decoding=\"async\" width=\"769\" height=\"1024\" src=\"https:\/\/mieltitlan.com\/wp-content\/uploads\/2024\/05\/vainilla-rancho-769x1024.jpeg\" alt=\"\" class=\"wp-image-643\" style=\"width:571px;height:auto\" srcset=\"https:\/\/mieltitlan.com\/wp-content\/uploads\/2024\/05\/vainilla-rancho-769x1024.jpeg 769w, https:\/\/mieltitlan.com\/wp-content\/uploads\/2024\/05\/vainilla-rancho-225x300.jpeg 225w, https:\/\/mieltitlan.com\/wp-content\/uploads\/2024\/05\/vainilla-rancho-768x1023.jpeg 768w, https:\/\/mieltitlan.com\/wp-content\/uploads\/2024\/05\/vainilla-rancho-1153x1536.jpeg 1153w, https:\/\/mieltitlan.com\/wp-content\/uploads\/2024\/05\/vainilla-rancho-600x799.jpeg 600w, https:\/\/mieltitlan.com\/wp-content\/uploads\/2024\/05\/vainilla-rancho.jpeg 1201w\" sizes=\"(max-width: 769px) 100vw, 769px\" \/><\/figure>\n\n\n\n<h2 class=\"wp-block-heading\">Una vaina carnosa de primera calidad, arom\u00e1tica y con sabor \u00fanico<\/h2>\n\n\n\n<p>Gracias a las condiciones ideales de la Sierra Hidalguense, la vainilla desarrolla vainas carnosas de primera calidad, que se caracterizan por ser altamente arom\u00e1ticas y poseer un sabor especial. <\/p>\n\n\n\n<h2 class=\"wp-block-heading\">Tradici\u00f3n y Cultivo en la Sierra Hidalguense<\/h2>\n\n\n\n<p><\/p>\n\n\n\n<p>Cada vaina es un tesoro que lleva consigo el trabajo de la polinizaci\u00f3n a mano, un proceso delicado y laborioso que forma parte de la tradici\u00f3n mexicana.<\/p>\n\n\n\n<figure class=\"wp-block-image size-large\"><img loading=\"lazy\" decoding=\"async\" width=\"768\" height=\"1024\" src=\"http:\/\/mieltitlan.com\/wp-content\/uploads\/2024\/05\/WhatsApp-Image-2024-05-03-at-20.21.10-1-768x1024.jpeg\" alt=\"\" class=\"wp-image-570\" srcset=\"https:\/\/mieltitlan.com\/wp-content\/uploads\/2024\/05\/WhatsApp-Image-2024-05-03-at-20.21.10-1-768x1024.jpeg 768w, https:\/\/mieltitlan.com\/wp-content\/uploads\/2024\/05\/WhatsApp-Image-2024-05-03-at-20.21.10-1-225x300.jpeg 225w, https:\/\/mieltitlan.com\/wp-content\/uploads\/2024\/05\/WhatsApp-Image-2024-05-03-at-20.21.10-1-1152x1536.jpeg 1152w, https:\/\/mieltitlan.com\/wp-content\/uploads\/2024\/05\/WhatsApp-Image-2024-05-03-at-20.21.10-1-600x800.jpeg 600w, https:\/\/mieltitlan.com\/wp-content\/uploads\/2024\/05\/WhatsApp-Image-2024-05-03-at-20.21.10-1.jpeg 1200w\" sizes=\"(max-width: 768px) 100vw, 768px\" \/><\/figure>\n\n\n\n<h2 class=\"wp-block-heading\">La vainilla en la gastronom\u00eda mexicana: un ingrediente refinado, libre de pesticidas.<\/h2>\n\n\n\n<p>La vainilla es un ingrediente fundamental en muchos platillos t\u00edpicos de la gastronom\u00eda mexicana. Su sabor refinado y su aroma inconfundible elevan cualquier receta a otro nivel. <br>Pero lo m\u00e1s importante es que la vainilla de la Sierra Hidalguense es libre de pesticidas y agroqu\u00edmicos inorg\u00e1nicos, lo que garantiza su pureza y calidad.<\/p>\n\n\n\n<p> \u00a1Descubre el verdadero sabor de la vainilla y d\u00e9jate seducir por su aroma!<\/p>\n\n\n\n<figure class=\"wp-block-image size-large\"><img loading=\"lazy\" decoding=\"async\" width=\"1024\" height=\"255\" src=\"https:\/\/mieltitlan.com\/wp-content\/uploads\/2024\/05\/WhatsApp-Image-2024-05-03-at-21.47.00-1024x255.jpeg\" alt=\"\" class=\"wp-image-597\" srcset=\"https:\/\/mieltitlan.com\/wp-content\/uploads\/2024\/05\/WhatsApp-Image-2024-05-03-at-21.47.00-1024x255.jpeg 1024w, https:\/\/mieltitlan.com\/wp-content\/uploads\/2024\/05\/WhatsApp-Image-2024-05-03-at-21.47.00-300x75.jpeg 300w, https:\/\/mieltitlan.com\/wp-content\/uploads\/2024\/05\/WhatsApp-Image-2024-05-03-at-21.47.00-768x191.jpeg 768w, https:\/\/mieltitlan.com\/wp-content\/uploads\/2024\/05\/WhatsApp-Image-2024-05-03-at-21.47.00-600x150.jpeg 600w, https:\/\/mieltitlan.com\/wp-content\/uploads\/2024\/05\/WhatsApp-Image-2024-05-03-at-21.47.00.jpeg 1280w\" sizes=\"(max-width: 1024px) 100vw, 1024px\" \/><\/figure>\n","protected":false},"excerpt":{"rendered":"<p>La orqu\u00eddea de vainilla: un tesoro en la sierra hidalguense La vainilla, una orqu\u00eddea originaria de Papantla, Veracruz, ha conquistado los paladares de todo el mundo. Sin embargo, es en el coraz\u00f3n de la Sierra Hidalguense donde ha encontrado el apapacho necesario para florecer en todo su esplendor. Una vaina carnosa de primera calidad, arom\u00e1tica [&hellip;]<\/p>\n","protected":false},"author":1,"featured_media":585,"parent":0,"menu_order":0,"comment_status":"closed","ping_status":"closed","template":"","meta":{"om_disable_all_campaigns":false,"_themeisle_gutenberg_block_has_review":false,"_ti_tpc_template_sync":false,"_ti_tpc_template_id":"","footnotes":""},"aioseo_notices":[],"_links":{"self":[{"href":"https:\/\/mieltitlan.com\/index.php\/wp-json\/wp\/v2\/pages\/586"}],"collection":[{"href":"https:\/\/mieltitlan.com\/index.php\/wp-json\/wp\/v2\/pages"}],"about":[{"href":"https:\/\/mieltitlan.com\/index.php\/wp-json\/wp\/v2\/types\/page"}],"author":[{"embeddable":true,"href":"https:\/\/mieltitlan.com\/index.php\/wp-json\/wp\/v2\/users\/1"}],"replies":[{"embeddable":true,"href":"https:\/\/mieltitlan.com\/index.php\/wp-json\/wp\/v2\/comments?post=586"}],"version-history":[{"count":2,"href":"https:\/\/mieltitlan.com\/index.php\/wp-json\/wp\/v2\/pages\/586\/revisions"}],"predecessor-version":[{"id":645,"href":"https:\/\/mieltitlan.com\/index.php\/wp-json\/wp\/v2\/pages\/586\/revisions\/645"}],"wp:featuredmedia":[{"embeddable":true,"href":"https:\/\/mieltitlan.com\/index.php\/wp-json\/wp\/v2\/media\/585"}],"wp:attachment":[{"href":"https:\/\/mieltitlan.com\/index.php\/wp-json\/wp\/v2\/media?parent=586"}],"curies":[{"name":"wp","href":"https:\/\/api.w.org\/{rel}","templated":true}]}}