{"id":441,"date":"2024-05-02T04:15:25","date_gmt":"2024-05-02T04:15:25","guid":{"rendered":"https:\/\/mieltitlan.com\/?page_id=441"},"modified":"2025-07-31T17:04:19","modified_gmt":"2025-07-31T17:04:19","slug":"dejate-sorprender-por-la-miel-mantequilla-nuestra-miel-de-altura-del-estado-de-mexico","status":"publish","type":"page","link":"https:\/\/mieltitlan.com\/index.php\/dejate-sorprender-por-la-miel-mantequilla-nuestra-miel-de-altura-del-estado-de-mexico\/","title":{"rendered":"D\u00e9jate sorprender por la  miel mantequilla, nuestra miel de altura del estado de M\u00e9xico."},"content":{"rendered":"\n<figure class=\"wp-block-image size-large\"><img loading=\"lazy\" decoding=\"async\" width=\"1024\" height=\"585\" src=\"https:\/\/mieltitlan.com\/wp-content\/uploads\/2024\/05\/FLOR-NEVADO1-1024x585.png\" alt=\"\" class=\"wp-image-555\" srcset=\"https:\/\/mieltitlan.com\/wp-content\/uploads\/2024\/05\/FLOR-NEVADO1-1024x585.png 1024w, https:\/\/mieltitlan.com\/wp-content\/uploads\/2024\/05\/FLOR-NEVADO1-300x171.png 300w, https:\/\/mieltitlan.com\/wp-content\/uploads\/2024\/05\/FLOR-NEVADO1-768x439.png 768w, https:\/\/mieltitlan.com\/wp-content\/uploads\/2024\/05\/FLOR-NEVADO1-600x343.png 600w, https:\/\/mieltitlan.com\/wp-content\/uploads\/2024\/05\/FLOR-NEVADO1.png 1050w\" sizes=\"(max-width: 1024px) 100vw, 1024px\" \/><\/figure>\n\n\n<h2>Descubre la deliciosa miel de altura del Valle de Toluca.<\/h2>\n<p><!--more--><\/p>\n<p>Bienvenidos a Mieltitlan, donde podr\u00e1s conocer la incre\u00edble miel de altura del estado de M\u00e9xico, espec\u00edficamente del hermoso valle de Toluca. Este lugar, ubicado cerca del imponente volc\u00e1n Xinant\u00e9catl, es el hogar de una de las mieles m\u00e1s exquisitas y apreciadas del pa\u00eds.<\/p>\n<\/p>\n<h2>Una miel \u00fanica en su tipo<\/h2>\n<p>La miel de altura, recolectada a 2777 metros sobre el nivel del mar, proviene del n\u00e9ctar de las flores de acahual, aceitilla y tepoz\u00e1n. Estas flores, que crecen en las alturas del valle de Toluca, le dan a nuestra miel mantequilla una textura cremosa y un color amarillo pastel realmente encantador.<\/p>\n<\/p>\n<h2>Un sutil sabor a caramelo<\/h2>\n<p>Lo que hace que nuestra miel de altura sea verdaderamente especial es su sutil sabor a caramelo. Cada cucharada de esta miel te transportar\u00e1 a un mundo de dulzura y suavidad, con notas c\u00e1lidas y reconfortantes que te har\u00e1n disfrutar de cada momento.<\/p>\n<p>Si est\u00e1s buscando una miel para untar o para diluir en una bebida caliente, no busques m\u00e1s. Nuestra miel mantequilla, es la elecci\u00f3n perfecta.<br \/>\u00a1No dudes en probarla!<\/p>\n\n\n<figure class=\"wp-block-image size-large\"><img loading=\"lazy\" decoding=\"async\" width=\"1024\" height=\"771\" src=\"http:\/\/mieltitlan.com\/wp-content\/uploads\/2024\/05\/Floracion-Tepozan-2023-2-1024x771.jpeg\" alt=\"\" class=\"wp-image-486\" srcset=\"https:\/\/mieltitlan.com\/wp-content\/uploads\/2024\/05\/Floracion-Tepozan-2023-2-1024x771.jpeg 1024w, https:\/\/mieltitlan.com\/wp-content\/uploads\/2024\/05\/Floracion-Tepozan-2023-2-300x226.jpeg 300w, https:\/\/mieltitlan.com\/wp-content\/uploads\/2024\/05\/Floracion-Tepozan-2023-2-768x578.jpeg 768w, https:\/\/mieltitlan.com\/wp-content\/uploads\/2024\/05\/Floracion-Tepozan-2023-2-1536x1156.jpeg 1536w, https:\/\/mieltitlan.com\/wp-content\/uploads\/2024\/05\/Floracion-Tepozan-2023-2-600x452.jpeg 600w, https:\/\/mieltitlan.com\/wp-content\/uploads\/2024\/05\/Floracion-Tepozan-2023-2.jpeg 1600w\" sizes=\"(max-width: 1024px) 100vw, 1024px\" \/><\/figure>\n\n\n\n<div id=\"wp-block-themeisle-blocks-button-group-b95b8d03\" class=\"wp-block-themeisle-blocks-button-group wp-block-buttons align-center-desktop\">\n<div id=\"wp-block-themeisle-blocks-button-d28fbbfc\" class=\"wp-block-themeisle-blocks-button wp-block-button\"><a href=\"https:\/\/a.co\/d\/7jWCYVA\" target=\"_blank\" rel=\"noopener noreferrer\" class=\"wp-block-button__link\"><span>COMPRAR AQUI<\/span><\/a><\/div>\n<\/div>\n","protected":false},"excerpt":{"rendered":"<p>Descubre la deliciosa miel de altura del Valle de Toluca.<\/p>\n","protected":false},"author":1,"featured_media":0,"parent":0,"menu_order":0,"comment_status":"closed","ping_status":"closed","template":"","meta":{"om_disable_all_campaigns":false,"_themeisle_gutenberg_block_has_review":false,"_ti_tpc_template_sync":false,"_ti_tpc_template_id":"","footnotes":""},"aioseo_notices":[],"_links":{"self":[{"href":"https:\/\/mieltitlan.com\/index.php\/wp-json\/wp\/v2\/pages\/441"}],"collection":[{"href":"https:\/\/mieltitlan.com\/index.php\/wp-json\/wp\/v2\/pages"}],"about":[{"href":"https:\/\/mieltitlan.com\/index.php\/wp-json\/wp\/v2\/types\/page"}],"author":[{"embeddable":true,"href":"https:\/\/mieltitlan.com\/index.php\/wp-json\/wp\/v2\/users\/1"}],"replies":[{"embeddable":true,"href":"https:\/\/mieltitlan.com\/index.php\/wp-json\/wp\/v2\/comments?post=441"}],"version-history":[{"count":4,"href":"https:\/\/mieltitlan.com\/index.php\/wp-json\/wp\/v2\/pages\/441\/revisions"}],"predecessor-version":[{"id":714,"href":"https:\/\/mieltitlan.com\/index.php\/wp-json\/wp\/v2\/pages\/441\/revisions\/714"}],"wp:attachment":[{"href":"https:\/\/mieltitlan.com\/index.php\/wp-json\/wp\/v2\/media?parent=441"}],"curies":[{"name":"wp","href":"https:\/\/api.w.org\/{rel}","templated":true}]}}