{"id":341,"date":"2024-04-27T03:15:14","date_gmt":"2024-04-27T03:15:14","guid":{"rendered":"https:\/\/mieltitlan.com\/?page_id=341"},"modified":"2025-07-31T17:15:29","modified_gmt":"2025-07-31T17:15:29","slug":"descubre-la-deliciosa-miel-de-selva-baja-de-la-sierra-hidalguense","status":"publish","type":"page","link":"https:\/\/mieltitlan.com\/index.php\/descubre-la-deliciosa-miel-de-selva-baja-de-la-sierra-hidalguense\/","title":{"rendered":"Descubre la deliciosa miel de Selva Baja"},"content":{"rendered":"\n<figure class=\"wp-block-image size-large\"><img loading=\"lazy\" decoding=\"async\" width=\"1024\" height=\"768\" src=\"http:\/\/mieltitlan.com\/wp-content\/uploads\/2024\/05\/3-1024x768.jpeg\" alt=\"\" class=\"wp-image-540\" srcset=\"https:\/\/mieltitlan.com\/wp-content\/uploads\/2024\/05\/3-1024x768.jpeg 1024w, https:\/\/mieltitlan.com\/wp-content\/uploads\/2024\/05\/3-300x225.jpeg 300w, https:\/\/mieltitlan.com\/wp-content\/uploads\/2024\/05\/3-768x576.jpeg 768w, https:\/\/mieltitlan.com\/wp-content\/uploads\/2024\/05\/3-1536x1152.jpeg 1536w, https:\/\/mieltitlan.com\/wp-content\/uploads\/2024\/05\/3-600x450.jpeg 600w, https:\/\/mieltitlan.com\/wp-content\/uploads\/2024\/05\/3.jpeg 1600w\" sizes=\"(max-width: 1024px) 100vw, 1024px\" \/><\/figure>\n\n\n<h2>Descubre la deliciosa miel de selva baja<\/h2>\n<p>Si eres un amante de los sabores naturales y aut\u00e9nticos, no puedes dejar de probar nuestra miel de abeja multifloral. Proveniente de la selva baja de la Sierra Norte Hidalguense, esta miel es una verdadera joya culinaria.<\/p>\n<h2>Un color \u00e1mbar oscuro que te cautivar\u00e1<\/h2>\n<p>La miel de abeja de esta selva baja, se distingue por su hermoso color \u00e1mbar oscuro. Este tono profundo y c\u00e1lido es el resultado de la combinaci\u00f3n de n\u00e9ctares de diversas flores que las abejas recolectan en su entorno natural.<\/p>\n<h2>Un aroma que te transportar\u00e1 a la sierra<\/h2>\n<p>Al abrir un frasco de nuestra miel, ser\u00e1s recibido por un aroma cautivador que evoca a la sierra. Su fragancia es una mezcla de notas florales y vegetales que te har\u00e1n sentir como si estuvieras caminando por los bosques de la Sierra Norte Hidalguense.<\/p>\n<p>Pero no solo su aroma es especial, su sabor tambi\u00e9n te sorprender\u00e1.<\/p>\n<h2>Un sabor caramelo oscuro que deleitar\u00e1 tu paladar<\/h2>\n<p>Su dulzura es intensa pero equilibrada, con notas de caramelo oscuro que se despliegan en tu boca y te hacen saborear cada gota.<\/p>\n<p>Ya sea que la uses para endulzar tus bebidas, como ingrediente en tus recetas favoritas o simplemente para disfrutarla sola, nuestra miel de abeja multifloral de la selva baja de la Sierra Norte Hidalguense seguramente se convertir\u00e1 en un imprescindible en tu despensa.<\/p>\n\n\n<div id=\"wp-block-themeisle-blocks-advanced-columns-dfd643f3\" class=\"wp-block-themeisle-blocks-advanced-columns alignfull has-1-columns has-desktop-equal-layout has-tablet-equal-layout has-mobile-collapsedRows-layout has-reverse-columns-mobile has-vertical-center ticss-c00aadba\"><div class=\"wp-block-themeisle-blocks-advanced-columns-overlay\"><\/div><div class=\"innerblocks-wrap\">\n<div id=\"wp-block-themeisle-blocks-advanced-column-127ec10e\" class=\"wp-block-themeisle-blocks-advanced-column\">\n<div class=\"wp-block-cover is-light\"><span aria-hidden=\"true\" class=\"wp-block-cover__background has-background-dim\"><\/span><img loading=\"lazy\" decoding=\"async\" width=\"1600\" height=\"540\" class=\"wp-block-cover__image-background wp-image-594\" alt=\"\" src=\"https:\/\/mieltitlan.com\/wp-content\/uploads\/2024\/05\/Sierra-Hidalguense.jpeg\" data-object-fit=\"cover\" srcset=\"https:\/\/mieltitlan.com\/wp-content\/uploads\/2024\/05\/Sierra-Hidalguense.jpeg 1600w, https:\/\/mieltitlan.com\/wp-content\/uploads\/2024\/05\/Sierra-Hidalguense-300x101.jpeg 300w, https:\/\/mieltitlan.com\/wp-content\/uploads\/2024\/05\/Sierra-Hidalguense-1024x346.jpeg 1024w, https:\/\/mieltitlan.com\/wp-content\/uploads\/2024\/05\/Sierra-Hidalguense-768x259.jpeg 768w, https:\/\/mieltitlan.com\/wp-content\/uploads\/2024\/05\/Sierra-Hidalguense-1536x518.jpeg 1536w, https:\/\/mieltitlan.com\/wp-content\/uploads\/2024\/05\/Sierra-Hidalguense-600x203.jpeg 600w\" sizes=\"(max-width: 1600px) 100vw, 1600px\" \/><div class=\"wp-block-cover__inner-container is-layout-flow wp-block-cover-is-layout-flow\">\n<h2 class=\"wp-block-heading has-text-align-center has-white-color has-text-color\" id=\"people\">Sierra Hidalguense<\/h2>\n<\/div><\/div>\n<\/div>\n<\/div><\/div>\n\n\n\n<div id=\"wp-block-themeisle-blocks-button-group-82af8bcc\" class=\"wp-block-themeisle-blocks-button-group wp-block-buttons align-center-desktop\">\n<div id=\"wp-block-themeisle-blocks-button-ad047359\" class=\"wp-block-themeisle-blocks-button wp-block-button\"><a href=\"https:\/\/a.co\/d\/8YSgfKL\" target=\"_blank\" rel=\"noopener noreferrer\" class=\"wp-block-button__link\"><span>COMPRAR AQUI<\/span><\/a><\/div>\n<\/div>\n","protected":false},"excerpt":{"rendered":"<p>Descubre la deliciosa miel de selva baja Si eres un amante de los sabores naturales y aut\u00e9nticos, no puedes dejar de probar nuestra miel de abeja multifloral. Proveniente de la selva baja de la Sierra Norte Hidalguense, esta miel es una verdadera joya culinaria. Un color \u00e1mbar oscuro que te cautivar\u00e1 La miel de abeja [&hellip;]<\/p>\n","protected":false},"author":1,"featured_media":0,"parent":0,"menu_order":0,"comment_status":"closed","ping_status":"closed","template":"","meta":{"om_disable_all_campaigns":false,"_themeisle_gutenberg_block_has_review":false,"_ti_tpc_template_sync":false,"_ti_tpc_template_id":"","footnotes":""},"aioseo_notices":[],"_links":{"self":[{"href":"https:\/\/mieltitlan.com\/index.php\/wp-json\/wp\/v2\/pages\/341"}],"collection":[{"href":"https:\/\/mieltitlan.com\/index.php\/wp-json\/wp\/v2\/pages"}],"about":[{"href":"https:\/\/mieltitlan.com\/index.php\/wp-json\/wp\/v2\/types\/page"}],"author":[{"embeddable":true,"href":"https:\/\/mieltitlan.com\/index.php\/wp-json\/wp\/v2\/users\/1"}],"replies":[{"embeddable":true,"href":"https:\/\/mieltitlan.com\/index.php\/wp-json\/wp\/v2\/comments?post=341"}],"version-history":[{"count":9,"href":"https:\/\/mieltitlan.com\/index.php\/wp-json\/wp\/v2\/pages\/341\/revisions"}],"predecessor-version":[{"id":722,"href":"https:\/\/mieltitlan.com\/index.php\/wp-json\/wp\/v2\/pages\/341\/revisions\/722"}],"wp:attachment":[{"href":"https:\/\/mieltitlan.com\/index.php\/wp-json\/wp\/v2\/media?parent=341"}],"curies":[{"name":"wp","href":"https:\/\/api.w.org\/{rel}","templated":true}]}}