{"id":312,"date":"2024-04-27T02:11:09","date_gmt":"2024-04-27T02:11:09","guid":{"rendered":"https:\/\/mieltitlan.com\/index.php\/la-miel-blanca-de-san-luis-potosi-una-joya-del-desierto\/"},"modified":"2025-07-31T17:01:44","modified_gmt":"2025-07-31T17:01:44","slug":"la-miel-blanca-de-san-luis-potosi-una-joya-del-desierto","status":"publish","type":"page","link":"https:\/\/mieltitlan.com\/index.php\/la-miel-blanca-de-san-luis-potosi-una-joya-del-desierto\/","title":{"rendered":"La miel blanca del Valle del Mezquital: una joya del desierto"},"content":{"rendered":"\n<figure class=\"wp-block-image size-full\"><img loading=\"lazy\" decoding=\"async\" width=\"1050\" height=\"600\" src=\"https:\/\/mieltitlan.com\/wp-content\/uploads\/2024\/05\/MEZQUITE1.png\" alt=\"\" class=\"wp-image-553\" srcset=\"https:\/\/mieltitlan.com\/wp-content\/uploads\/2024\/05\/MEZQUITE1.png 1050w, https:\/\/mieltitlan.com\/wp-content\/uploads\/2024\/05\/MEZQUITE1-300x171.png 300w, https:\/\/mieltitlan.com\/wp-content\/uploads\/2024\/05\/MEZQUITE1-1024x585.png 1024w, https:\/\/mieltitlan.com\/wp-content\/uploads\/2024\/05\/MEZQUITE1-768x439.png 768w, https:\/\/mieltitlan.com\/wp-content\/uploads\/2024\/05\/MEZQUITE1-600x343.png 600w\" sizes=\"(max-width: 1050px) 100vw, 1050px\" \/><\/figure>\n\n\n<h2>Miel Blanca del Valle del Mezquital<\/h2>\n<p>En la hermosa zona de la reserva de la biosfera del Valle del Mezquital, se produce una miel muy especial y \u00fanica: la miel blanca. Esta miel proviene de la floraci\u00f3n del mezquite, un \u00e1rbol t\u00edpico de la regi\u00f3n que abunda en este \u00e1rido paisaje.<\/p>\n<p>Lo que hace a esta miel tan especial es su peculiar color blanco, que contrasta con las mieles m\u00e1s comunes que suelen ser de tonos dorados o \u00e1mbar. Este color blanco le da a la miel un aspecto elegante y sofisticado, que la hace destacar entre las dem\u00e1s.<\/p>\n<p>Pero no es solo su apariencia lo que la hace \u00fanica, sino tambi\u00e9n su sabor y textura. La miel blanca de Valle del Mezquital\u00a0 tiene un sabor sutil, con un bajo nivel de dulzor. Esto la convierte en la opci\u00f3n perfecta para aquellos que prefieren un sabor m\u00e1s suave y menos empalagoso.<\/p>\n<p>Adem\u00e1s, su textura suave y sedosa la hace ideal para utilizar en diferentes preparaciones culinarias, como aderezos para ensaladas, endulzante para bebidas o incluso como ingrediente en postres.<\/p>\n<p>Si est\u00e1s buscando probar algo nuevo y diferente, te invitamos a descubrir la miel blanca de Hidalgo. Su sabor sutil, su peculiar color blanco y su textura suave te sorprender\u00e1n y te conquistar\u00e1n desde el primer momento.<\/p>\n\n\n<figure class=\"wp-block-image size-full\"><img loading=\"lazy\" decoding=\"async\" width=\"800\" height=\"600\" src=\"http:\/\/mieltitlan.com\/wp-content\/uploads\/2024\/05\/inflorescencia-mezquite-2.jpg\" alt=\"\" class=\"wp-image-487\" srcset=\"https:\/\/mieltitlan.com\/wp-content\/uploads\/2024\/05\/inflorescencia-mezquite-2.jpg 800w, https:\/\/mieltitlan.com\/wp-content\/uploads\/2024\/05\/inflorescencia-mezquite-2-300x225.jpg 300w, https:\/\/mieltitlan.com\/wp-content\/uploads\/2024\/05\/inflorescencia-mezquite-2-768x576.jpg 768w, https:\/\/mieltitlan.com\/wp-content\/uploads\/2024\/05\/inflorescencia-mezquite-2-600x450.jpg 600w\" sizes=\"(max-width: 800px) 100vw, 800px\" \/><\/figure>\n\n\n\n<div id=\"wp-block-themeisle-blocks-button-group-e8932a37\" class=\"wp-block-themeisle-blocks-button-group wp-block-buttons align-center-desktop\">\n<div id=\"wp-block-themeisle-blocks-button-79c7efb9\" class=\"wp-block-themeisle-blocks-button wp-block-button\"><a href=\"https:\/\/www.amazon.com.mx\/stores\/MIELTITLAN\/page\/A5346E36-E7D9-4623-9EAF-5482E7850A31?lp_asin=B0DX8MPJHR&amp;ref_=cm_sw_r_ud_ast_store_FG7H47C6703SYJB3QMQ0\" target=\"_blank\" rel=\"noopener noreferrer\" class=\"wp-block-button__link\"><span>COMPRA AQUI <\/span><\/a><\/div>\n<\/div>\n","protected":false},"excerpt":{"rendered":"<p>Miel Blanca del Valle del Mezquital En la hermosa zona de la reserva de la biosfera del Valle del Mezquital, se produce una miel muy especial y \u00fanica: la miel blanca. Esta miel proviene de la floraci\u00f3n del mezquite, un \u00e1rbol t\u00edpico de la regi\u00f3n que abunda en este \u00e1rido paisaje. Lo que hace a [&hellip;]<\/p>\n","protected":false},"author":1,"featured_media":0,"parent":0,"menu_order":0,"comment_status":"closed","ping_status":"closed","template":"","meta":{"om_disable_all_campaigns":false,"_themeisle_gutenberg_block_has_review":false,"_ti_tpc_template_sync":false,"_ti_tpc_template_id":"","footnotes":""},"aioseo_notices":[],"_links":{"self":[{"href":"https:\/\/mieltitlan.com\/index.php\/wp-json\/wp\/v2\/pages\/312"}],"collection":[{"href":"https:\/\/mieltitlan.com\/index.php\/wp-json\/wp\/v2\/pages"}],"about":[{"href":"https:\/\/mieltitlan.com\/index.php\/wp-json\/wp\/v2\/types\/page"}],"author":[{"embeddable":true,"href":"https:\/\/mieltitlan.com\/index.php\/wp-json\/wp\/v2\/users\/1"}],"replies":[{"embeddable":true,"href":"https:\/\/mieltitlan.com\/index.php\/wp-json\/wp\/v2\/comments?post=312"}],"version-history":[{"count":5,"href":"https:\/\/mieltitlan.com\/index.php\/wp-json\/wp\/v2\/pages\/312\/revisions"}],"predecessor-version":[{"id":713,"href":"https:\/\/mieltitlan.com\/index.php\/wp-json\/wp\/v2\/pages\/312\/revisions\/713"}],"wp:attachment":[{"href":"https:\/\/mieltitlan.com\/index.php\/wp-json\/wp\/v2\/media?parent=312"}],"curies":[{"name":"wp","href":"https:\/\/api.w.org\/{rel}","templated":true}]}}