{"id":108,"date":"2020-06-30T00:26:40","date_gmt":"2020-06-30T00:26:40","guid":{"rendered":"https:\/\/demosites.io\/pet-shop-gb\/?page_id=108"},"modified":"2025-07-31T17:26:29","modified_gmt":"2025-07-31T17:26:29","slug":"d09c8-about","status":"publish","type":"page","link":"https:\/\/mieltitlan.com\/index.php\/d09c8-about\/","title":{"rendered":"Miel Melipona: Un Tesoro de Beneficios para la Salud y el Bienestar"},"content":{"rendered":"\n<div class=\"wp-block-cover alignfull\"><span aria-hidden=\"true\" class=\"wp-block-cover__background has-background-dim\"><\/span><img loading=\"lazy\" decoding=\"async\" width=\"480\" height=\"251\" class=\"wp-block-cover__image-background wp-image-329\" alt=\"\" src=\"https:\/\/mieltitlan.com\/wp-content\/uploads\/2024\/04\/reina.jpg\" data-object-fit=\"cover\" srcset=\"https:\/\/mieltitlan.com\/wp-content\/uploads\/2024\/04\/reina.jpg 480w, https:\/\/mieltitlan.com\/wp-content\/uploads\/2024\/04\/reina-300x157.jpg 300w\" sizes=\"(max-width: 480px) 100vw, 480px\" \/><div class=\"wp-block-cover__inner-container is-layout-flow wp-block-cover-is-layout-flow\">\n<div class=\"wp-block-group has-global-padding is-layout-constrained wp-block-group-is-layout-constrained\">\n<h5 class=\"wp-block-heading has-text-align-center o-typing-delay-3s o-typing-slow is-style-default has-large-font-size\"><em><strong><mark style=\"background-color:rgba(0, 0, 0, 0)\" class=\"has-inline-color has-base-color\"><o-anim-typing>Scaptotrigona mexicana<\/o-anim-typing><\/mark><\/strong><\/em><\/h5>\n<\/div>\n<\/div><\/div>\n\n\n\n<div class=\"wp-block-group has-global-padding is-layout-constrained wp-block-group-is-layout-constrained\">\n<div class=\"wp-block-columns is-layout-flex wp-container-core-columns-layout-1 wp-block-columns-is-layout-flex\">\n<div class=\"wp-block-column is-layout-flow wp-block-column-is-layout-flow\" style=\"flex-basis:100%\">\n<div class=\"wp-block-group alignfull is-vertical is-layout-flex wp-container-core-group-layout-2 wp-block-group-is-layout-flex\">\n<h2 class=\"wp-block-heading\">Miel Melipona: El Tesoro de la Reina de la Selva Baja<\/h2>\n\n\n\n<p>La miel melipona es un verdadero tesoro de la naturaleza. Producida por la abeja nativa mexicana sin aguij\u00f3n, esta miel es \u00fanica en su tipo y posee propiedades y beneficios sorprendentes.<\/p>\n<\/div>\n<\/div>\n<\/div>\n<\/div>\n\n\n\n<figure class=\"wp-block-image size-full is-resized\"><img loading=\"lazy\" decoding=\"async\" width=\"480\" height=\"251\" src=\"http:\/\/mieltitlan.com\/wp-content\/uploads\/2024\/04\/reina-2.jpg\" alt=\"\" class=\"wp-image-363\" style=\"width:619px;height:auto\" srcset=\"https:\/\/mieltitlan.com\/wp-content\/uploads\/2024\/04\/reina-2.jpg 480w, https:\/\/mieltitlan.com\/wp-content\/uploads\/2024\/04\/reina-2-300x157.jpg 300w\" sizes=\"(max-width: 480px) 100vw, 480px\" \/><\/figure>\n\n\n\n<h2 class=\"wp-block-heading\">Un Polinizador Indispensable<\/h2>\n\n\n\n<p>Las abejas meliponas desempe\u00f1an un papel crucial como polinizadores en la selva baja, contribuyendo a la floraci\u00f3n nativa y al equilibrio ecol\u00f3gico de la regi\u00f3n. Su importancia es reconocida desde tiempos ancestrales, siendo utilizadas por diversas culturas prehisp\u00e1nicas en rituales y medicina tradicional.<\/p>\n\n\n\n<figure class=\"wp-block-gallery has-nested-images columns-default is-cropped wp-block-gallery-1 is-layout-flex wp-block-gallery-is-layout-flex\">\n<figure class=\"wp-block-image size-large\"><img loading=\"lazy\" decoding=\"async\" width=\"1024\" height=\"768\" data-id=\"362\" src=\"http:\/\/mieltitlan.com\/wp-content\/uploads\/2024\/04\/MicrosoftTeams-image-15-1024x768.jpg\" alt=\"\" class=\"wp-image-362\" srcset=\"https:\/\/mieltitlan.com\/wp-content\/uploads\/2024\/04\/MicrosoftTeams-image-15-1024x768.jpg 1024w, https:\/\/mieltitlan.com\/wp-content\/uploads\/2024\/04\/MicrosoftTeams-image-15-300x225.jpg 300w, https:\/\/mieltitlan.com\/wp-content\/uploads\/2024\/04\/MicrosoftTeams-image-15-768x576.jpg 768w, https:\/\/mieltitlan.com\/wp-content\/uploads\/2024\/04\/MicrosoftTeams-image-15-1536x1153.jpg 1536w, https:\/\/mieltitlan.com\/wp-content\/uploads\/2024\/04\/MicrosoftTeams-image-15-600x450.jpg 600w, https:\/\/mieltitlan.com\/wp-content\/uploads\/2024\/04\/MicrosoftTeams-image-15.jpg 1599w\" sizes=\"(max-width: 1024px) 100vw, 1024px\" \/><\/figure>\n<\/figure>\n\n\n\n<h2 class=\"wp-block-heading\">Beneficios para la Salud y el Bienestar<\/h2>\n\n\n\n<p>La miel melipona ha sido valorada por sus propiedades curativas y medicinales. Su uso tradicional incluye el tratamiento de cicatrizaci\u00f3n y quemaduras, gracias a sus propiedades antibacterianas y regenerativas. Adem\u00e1s, se ha utilizado como sustituto natural del jarabe para la tos, aliviando los s\u00edntomas de manera efectiva.<\/p>\n\n\n\n<p>Una de las caracter\u00edsticas m\u00e1s destacadas de la miel melipona es su sabor \u00fanico y exquisito. Su color \u00e1mbar claro y su textura suave la convierten en una delicia para el paladar.<\/p>\n\n\n\n<figure class=\"wp-block-image size-large\"><img loading=\"lazy\" decoding=\"async\" width=\"1024\" height=\"576\" src=\"http:\/\/mieltitlan.com\/wp-content\/uploads\/2024\/05\/gotero-miel-1024x576.jpg\" alt=\"\" class=\"wp-image-499\" srcset=\"https:\/\/mieltitlan.com\/wp-content\/uploads\/2024\/05\/gotero-miel-1024x576.jpg 1024w, https:\/\/mieltitlan.com\/wp-content\/uploads\/2024\/05\/gotero-miel-300x169.jpg 300w, https:\/\/mieltitlan.com\/wp-content\/uploads\/2024\/05\/gotero-miel-768x432.jpg 768w, https:\/\/mieltitlan.com\/wp-content\/uploads\/2024\/05\/gotero-miel-1536x864.jpg 1536w, https:\/\/mieltitlan.com\/wp-content\/uploads\/2024\/05\/gotero-miel-600x338.jpg 600w, https:\/\/mieltitlan.com\/wp-content\/uploads\/2024\/05\/gotero-miel.jpg 1920w\" sizes=\"(max-width: 1024px) 100vw, 1024px\" \/><\/figure>\n\n\n\n<h2 class=\"wp-block-heading\">Pureza e Inocuidad Garantizada<\/h2>\n\n\n\n<p>Para asegurar la calidad y pureza de nuestra miel melipona, realizamos pruebas de laboratorio exhaustivas. Nos aseguramos de que est\u00e9 libre de pesticidas y pat\u00f3genos, cumpliendo con los m\u00e1s altos est\u00e1ndares de inocuidad e higiene.<\/p>\n\n\n\n<p>Descubre el tesoro de la selva baja y disfruta de la miel melipona, un regalo de la naturaleza que te brinda beneficios para la salud y un sabor inigualable.<\/p>\n\n\n\n<div data-wp-interactive=\"\" class=\"wp-block-file\"><object data-wp-bind--hidden=\"!selectors.core.file.hasPdfPreview\" hidden class=\"wp-block-file__embed\" data=\"https:\/\/mieltitlan.com\/wp-content\/uploads\/2024\/05\/Analisis-Melipona-Ciatej-2023-3.pdf\" type=\"application\/pdf\" style=\"width:100%;height:600px\" aria-label=\"Incrustado de Analisis-Melipona-Ciatej-2023-3.\"><\/object><a id=\"wp-block-file--media-fba4620a-b225-4d06-b87d-d9471e7d99bc\" href=\"https:\/\/mieltitlan.com\/wp-content\/uploads\/2024\/05\/Analisis-Melipona-Ciatej-2023-3.pdf\">Analisis-Melipona-Ciatej-2023-3<\/a><a href=\"https:\/\/mieltitlan.com\/wp-content\/uploads\/2024\/05\/Analisis-Melipona-Ciatej-2023-3.pdf\" class=\"wp-block-file__button wp-element-button\" download aria-describedby=\"wp-block-file--media-fba4620a-b225-4d06-b87d-d9471e7d99bc\">Descarga<\/a><\/div>\n\n\n\n<div id=\"wp-block-themeisle-blocks-advanced-columns-7fc487a2\" class=\"wp-block-themeisle-blocks-advanced-columns alignfull has-2-columns has-desktop-equal-layout has-tablet-equal-layout has-mobile-collapsedRows-layout has-vertical-unset\"><div class=\"wp-block-themeisle-blocks-advanced-columns-overlay\"><\/div><div class=\"innerblocks-wrap\">\n<div id=\"wp-block-themeisle-blocks-advanced-column-f085661c\" class=\"wp-block-themeisle-blocks-advanced-column\">\n<figure class=\"wp-block-image size-full is-resized\"><img loading=\"lazy\" decoding=\"async\" width=\"750\" height=\"1000\" src=\"http:\/\/mieltitlan.com\/wp-content\/uploads\/2025\/02\/GOTERO_MELIPONA_FRENTE.jpg\" alt=\"\" class=\"wp-image-661\" style=\"width:409px;height:auto\" srcset=\"https:\/\/mieltitlan.com\/wp-content\/uploads\/2025\/02\/GOTERO_MELIPONA_FRENTE.jpg 750w, https:\/\/mieltitlan.com\/wp-content\/uploads\/2025\/02\/GOTERO_MELIPONA_FRENTE-225x300.jpg 225w, https:\/\/mieltitlan.com\/wp-content\/uploads\/2025\/02\/GOTERO_MELIPONA_FRENTE-600x800.jpg 600w\" sizes=\"(max-width: 750px) 100vw, 750px\" \/><\/figure>\n\n\n\n<div style=\"height:16px\" aria-hidden=\"true\" class=\"wp-block-spacer\"><\/div>\n\n\n\n<h3 class=\"wp-block-heading has-text-align-center\">Gotero 20ml<\/h3>\n\n\n\n<p class=\"has-text-align-center\"><\/p>\n<\/div>\n\n\n\n<div id=\"wp-block-themeisle-blocks-advanced-column-67af76c2\" class=\"wp-block-themeisle-blocks-advanced-column\">\n<figure class=\"wp-block-image size-large is-resized\"><img loading=\"lazy\" decoding=\"async\" width=\"959\" height=\"1024\" src=\"http:\/\/mieltitlan.com\/wp-content\/uploads\/2025\/02\/Mockup_Frasco-1-959x1024.png\" alt=\"\" class=\"wp-image-660\" style=\"width:566px;height:auto\" srcset=\"https:\/\/mieltitlan.com\/wp-content\/uploads\/2025\/02\/Mockup_Frasco-1-959x1024.png 959w, https:\/\/mieltitlan.com\/wp-content\/uploads\/2025\/02\/Mockup_Frasco-1-281x300.png 281w, https:\/\/mieltitlan.com\/wp-content\/uploads\/2025\/02\/Mockup_Frasco-1-768x820.png 768w, https:\/\/mieltitlan.com\/wp-content\/uploads\/2025\/02\/Mockup_Frasco-1-1439x1536.png 1439w, https:\/\/mieltitlan.com\/wp-content\/uploads\/2025\/02\/Mockup_Frasco-1-1918x2048.png 1918w, https:\/\/mieltitlan.com\/wp-content\/uploads\/2025\/02\/Mockup_Frasco-1-600x641.png 600w\" sizes=\"(max-width: 959px) 100vw, 959px\" \/><\/figure>\n\n\n\n<div style=\"height:16px\" aria-hidden=\"true\" class=\"wp-block-spacer\"><\/div>\n\n\n\n<h3 class=\"wp-block-heading has-text-align-center\">Tarro 100ml<\/h3>\n\n\n\n<p class=\"has-text-align-center\"><\/p>\n<\/div>\n<\/div><\/div>\n\n\n\n<div id=\"wp-block-themeisle-blocks-button-group-9474b77d\" class=\"wp-block-themeisle-blocks-button-group wp-block-buttons align-full-desktop\">\n<div id=\"wp-block-themeisle-blocks-button-9bbb054f\" class=\"wp-block-themeisle-blocks-button wp-block-button\"><a href=\"https:\/\/www.amazon.com.mx\/stores\/MIELTITLAN\/page\/0BBB06AE-0812-4A6C-B2FE-FA0D440DAFD7?lp_context_asin=B0FGM6SC1Y&amp;ref_=cm_sw_r_ud_ast_store_YJXH68NEN4PX6V4W0CJA\" target=\"_blank\" rel=\"noopener noreferrer\" class=\"wp-block-button__link\"><span>COMPRAR AQUI<\/span><\/a><\/div>\n<\/div>\n\n\n\n<div id=\"wp-block-themeisle-blocks-advanced-columns-66b34962\" class=\"wp-block-themeisle-blocks-advanced-columns alignfull has-1-columns has-desktop-equal-layout has-tablet-equal-layout has-mobile-collapsedRows-layout has-vertical-unset\"><div class=\"wp-block-themeisle-blocks-advanced-columns-overlay\"><\/div><div class=\"innerblocks-wrap\">\n<div id=\"wp-block-themeisle-blocks-advanced-column-7287ac6a\" class=\"wp-block-themeisle-blocks-advanced-column\">\n<div id=\"wp-block-themeisle-blocks-advanced-columns-035ca70a\" class=\"wp-block-themeisle-blocks-advanced-columns has-1-columns has-desktop-oneTwo-layout has-tablet-equal-layout has-mobile-collapsedRows-layout has-vertical-unset\"><div class=\"wp-block-themeisle-blocks-advanced-columns-overlay\"><\/div><div class=\"innerblocks-wrap\">\n<div id=\"wp-block-themeisle-blocks-advanced-column-dc1865bb\" class=\"wp-block-themeisle-blocks-advanced-column\">\n<h3 class=\"wp-block-heading has-text-align-center\">     Pura Miel Mexicana<br>     Apoya la conservaci\u00f3n de las abejas nativas y la <br>     meliponicultura responsable.<\/h3>\n\n\n\n<p>       <\/p>\n<\/div>\n<\/div><\/div>\n<\/div>\n<\/div><\/div>\n\n\n\n<div id=\"wp-block-themeisle-blocks-advanced-columns-dfd643f3\" class=\"wp-block-themeisle-blocks-advanced-columns alignfull has-2-columns has-desktop-equal-layout has-tablet-equal-layout has-mobile-collapsedRows-layout has-reverse-columns-mobile has-vertical-center ticss-c00aadba\"><div class=\"wp-block-themeisle-blocks-advanced-columns-overlay\"><\/div><div class=\"innerblocks-wrap\">\n<div id=\"wp-block-themeisle-blocks-advanced-column-127ec10e\" class=\"wp-block-themeisle-blocks-advanced-column\">\n<div class=\"wp-block-cover aligncenter is-light\" style=\"min-height:100vh\"><span aria-hidden=\"true\" class=\"wp-block-cover__background has-background-dim\"><\/span><img loading=\"lazy\" decoding=\"async\" width=\"1200\" height=\"1600\" class=\"wp-block-cover__image-background wp-image-622\" alt=\"\" src=\"https:\/\/mieltitlan.com\/wp-content\/uploads\/2024\/05\/WhatsApp-Image-2024-05-03-at-21.45.09-2-2.jpeg\" data-object-fit=\"cover\" srcset=\"https:\/\/mieltitlan.com\/wp-content\/uploads\/2024\/05\/WhatsApp-Image-2024-05-03-at-21.45.09-2-2.jpeg 1200w, https:\/\/mieltitlan.com\/wp-content\/uploads\/2024\/05\/WhatsApp-Image-2024-05-03-at-21.45.09-2-2-225x300.jpeg 225w, https:\/\/mieltitlan.com\/wp-content\/uploads\/2024\/05\/WhatsApp-Image-2024-05-03-at-21.45.09-2-2-768x1024.jpeg 768w, https:\/\/mieltitlan.com\/wp-content\/uploads\/2024\/05\/WhatsApp-Image-2024-05-03-at-21.45.09-2-2-1152x1536.jpeg 1152w, https:\/\/mieltitlan.com\/wp-content\/uploads\/2024\/05\/WhatsApp-Image-2024-05-03-at-21.45.09-2-2-600x800.jpeg 600w\" sizes=\"(max-width: 1200px) 100vw, 1200px\" \/><div class=\"wp-block-cover__inner-container is-layout-flow wp-block-cover-is-layout-flow\">\n<div class=\"wp-block-buttons is-content-justification-center is-layout-flex wp-container-core-buttons-layout-1 wp-block-buttons-is-layout-flex\"><\/div>\n<\/div><\/div>\n<\/div>\n\n\n\n<div id=\"wp-block-themeisle-blocks-advanced-column-eefb8312\" class=\"wp-block-themeisle-blocks-advanced-column\">\n<div class=\"wp-block-cover aligncenter is-light\" style=\"min-height:100vh\"><span aria-hidden=\"true\" class=\"wp-block-cover__background has-background-dim\"><\/span><img loading=\"lazy\" decoding=\"async\" width=\"1204\" height=\"1600\" class=\"wp-block-cover__image-background wp-image-628\" alt=\"\" src=\"https:\/\/mieltitlan.com\/wp-content\/uploads\/2024\/05\/WhatsApp-Image-2024-05-03-at-21.45.09-1-2.jpeg\" data-object-fit=\"cover\" srcset=\"https:\/\/mieltitlan.com\/wp-content\/uploads\/2024\/05\/WhatsApp-Image-2024-05-03-at-21.45.09-1-2.jpeg 1204w, https:\/\/mieltitlan.com\/wp-content\/uploads\/2024\/05\/WhatsApp-Image-2024-05-03-at-21.45.09-1-2-226x300.jpeg 226w, https:\/\/mieltitlan.com\/wp-content\/uploads\/2024\/05\/WhatsApp-Image-2024-05-03-at-21.45.09-1-2-771x1024.jpeg 771w, https:\/\/mieltitlan.com\/wp-content\/uploads\/2024\/05\/WhatsApp-Image-2024-05-03-at-21.45.09-1-2-768x1021.jpeg 768w, https:\/\/mieltitlan.com\/wp-content\/uploads\/2024\/05\/WhatsApp-Image-2024-05-03-at-21.45.09-1-2-1156x1536.jpeg 1156w, https:\/\/mieltitlan.com\/wp-content\/uploads\/2024\/05\/WhatsApp-Image-2024-05-03-at-21.45.09-1-2-600x797.jpeg 600w\" sizes=\"(max-width: 1204px) 100vw, 1204px\" \/><div class=\"wp-block-cover__inner-container is-layout-flow wp-block-cover-is-layout-flow\">\n<div class=\"wp-block-buttons is-content-justification-center is-layout-flex wp-container-core-buttons-layout-2 wp-block-buttons-is-layout-flex\"><\/div>\n<\/div><\/div>\n<\/div>\n<\/div><\/div>\n","protected":false},"excerpt":{"rendered":"<p>Miel Melipona: El Tesoro de la Reina de la Selva Baja La miel melipona es un verdadero tesoro de la naturaleza. Producida por la abeja nativa mexicana sin aguij\u00f3n, esta miel es \u00fanica en su tipo y posee propiedades y beneficios sorprendentes. Un Polinizador Indispensable Las abejas meliponas desempe\u00f1an un papel crucial como polinizadores en [&hellip;]<\/p>\n","protected":false},"author":1,"featured_media":0,"parent":0,"menu_order":0,"comment_status":"closed","ping_status":"closed","template":"","meta":{"om_disable_all_campaigns":false,"_themeisle_gutenberg_block_has_review":false,"_ti_tpc_template_sync":false,"_ti_tpc_template_id":"0yv2k21pkxzwtko0nyq3","footnotes":""},"aioseo_notices":[],"_links":{"self":[{"href":"https:\/\/mieltitlan.com\/index.php\/wp-json\/wp\/v2\/pages\/108"}],"collection":[{"href":"https:\/\/mieltitlan.com\/index.php\/wp-json\/wp\/v2\/pages"}],"about":[{"href":"https:\/\/mieltitlan.com\/index.php\/wp-json\/wp\/v2\/types\/page"}],"author":[{"embeddable":true,"href":"https:\/\/mieltitlan.com\/index.php\/wp-json\/wp\/v2\/users\/1"}],"replies":[{"embeddable":true,"href":"https:\/\/mieltitlan.com\/index.php\/wp-json\/wp\/v2\/comments?post=108"}],"version-history":[{"count":25,"href":"https:\/\/mieltitlan.com\/index.php\/wp-json\/wp\/v2\/pages\/108\/revisions"}],"predecessor-version":[{"id":731,"href":"https:\/\/mieltitlan.com\/index.php\/wp-json\/wp\/v2\/pages\/108\/revisions\/731"}],"wp:attachment":[{"href":"https:\/\/mieltitlan.com\/index.php\/wp-json\/wp\/v2\/media?parent=108"}],"curies":[{"name":"wp","href":"https:\/\/api.w.org\/{rel}","templated":true}]}}